{"id":887,"date":"2022-09-14T08:32:51","date_gmt":"2022-09-14T06:32:51","guid":{"rendered":"https:\/\/brasseriehd.com\/nouvelles-et-evenements\/"},"modified":"2025-02-19T16:04:59","modified_gmt":"2025-02-19T15:04:59","slug":"nouvelles-et-evenements","status":"publish","type":"page","link":"https:\/\/brasseriehd.com\/fr\/nouvelles-et-evenements\/","title":{"rendered":"Nouvelles et Ev\u00e8nements"},"content":{"rendered":"\t\t<div data-elementor-type=\"wp-page\" data-elementor-id=\"887\" class=\"elementor elementor-887 elementor-512\" data-elementor-post-type=\"page\">\n\t\t\t\t\t\t<section class=\"elementor-section elementor-top-section elementor-element elementor-element-f8e1641 elementor-section-boxed elementor-section-height-default elementor-section-height-default\" data-id=\"f8e1641\" data-element_type=\"section\" data-e-type=\"section\">\n\t\t\t\t\t\t<div class=\"elementor-container elementor-column-gap-default\">\n\t\t\t\t\t<div class=\"elementor-column elementor-col-100 elementor-top-column elementor-element elementor-element-d41f699\" data-id=\"d41f699\" data-element_type=\"column\" data-e-type=\"column\">\n\t\t\t<div class=\"elementor-widget-wrap elementor-element-populated\">\n\t\t\t\t\t\t<div class=\"elementor-element elementor-element-92e66f7 elementor-widget elementor-widget-spacer\" data-id=\"92e66f7\" data-element_type=\"widget\" data-e-type=\"widget\" data-widget_type=\"spacer.default\">\n\t\t\t\t<div class=\"elementor-widget-container\">\n\t\t\t\t\t\t\t<div class=\"elementor-spacer\">\n\t\t\t<div class=\"elementor-spacer-inner\"><\/div>\n\t\t<\/div>\n\t\t\t\t\t\t<\/div>\n\t\t\t\t<\/div>\n\t\t\t\t<div class=\"elementor-element elementor-element-7525586 elementor-widget elementor-widget-heading\" data-id=\"7525586\" data-element_type=\"widget\" data-e-type=\"widget\" data-widget_type=\"heading.default\">\n\t\t\t\t<div class=\"elementor-widget-container\">\n\t\t\t\t\t<h2 class=\"elementor-heading-title elementor-size-default\">NOUVELLES ET \u00c9V\u00c9NEMENTS<\/h2>\t\t\t\t<\/div>\n\t\t\t\t<\/div>\n\t\t\t\t<div class=\"elementor-element elementor-element-4b42df5 elementor-widget-divider--view-line elementor-widget elementor-widget-divider\" data-id=\"4b42df5\" data-element_type=\"widget\" data-e-type=\"widget\" data-widget_type=\"divider.default\">\n\t\t\t\t<div class=\"elementor-widget-container\">\n\t\t\t\t\t\t\t<div class=\"elementor-divider\">\n\t\t\t<span class=\"elementor-divider-separator\">\n\t\t\t\t\t\t<\/span>\n\t\t<\/div>\n\t\t\t\t\t\t<\/div>\n\t\t\t\t<\/div>\n\t\t\t\t<div class=\"elementor-element elementor-element-0575e27 elementor-widget elementor-widget-spacer\" data-id=\"0575e27\" data-element_type=\"widget\" data-e-type=\"widget\" data-widget_type=\"spacer.default\">\n\t\t\t\t<div class=\"elementor-widget-container\">\n\t\t\t\t\t\t\t<div class=\"elementor-spacer\">\n\t\t\t<div class=\"elementor-spacer-inner\"><\/div>\n\t\t<\/div>\n\t\t\t\t\t\t<\/div>\n\t\t\t\t<\/div>\n\t\t\t\t<div class=\"elementor-element elementor-element-55daaae elementor-widget elementor-widget-spacer\" data-id=\"55daaae\" data-element_type=\"widget\" data-e-type=\"widget\" data-widget_type=\"spacer.default\">\n\t\t\t\t<div class=\"elementor-widget-container\">\n\t\t\t\t\t\t\t<div class=\"elementor-spacer\">\n\t\t\t<div class=\"elementor-spacer-inner\"><\/div>\n\t\t<\/div>\n\t\t\t\t\t\t<\/div>\n\t\t\t\t<\/div>\n\t\t\t\t\t<\/div>\n\t\t<\/div>\n\t\t\t\t\t<\/div>\n\t\t<\/section>\n\t\t\t\t<\/div>\n\t\t","protected":false},"excerpt":{"rendered":"<p>NOUVELLES ET \u00c9V\u00c9NEMENTS<\/p>\n","protected":false},"author":5,"featured_media":0,"parent":0,"menu_order":0,"comment_status":"closed","ping_status":"closed","template":"elementor_header_footer","meta":{"footnotes":""},"class_list":["post-887","page","type-page","status-publish","hentry"],"yoast_head":"<!-- This site is optimized with the Yoast SEO plugin v27.3 - https:\/\/yoast.com\/product\/yoast-seo-wordpress\/ -->\n<title>Actualit\u00e9s et \u00e9v\u00e9nements - Brasserie HD<\/title>\n<meta name=\"description\" content=\"Visitez d\u00e8s maintenant la section Actualit\u00e9s et \u00e9v\u00e9nements de notre site Brasserie HD. Restez au courant des derni\u00e8res nouvelles.\" \/>\n<meta name=\"robots\" content=\"index, follow, max-snippet:-1, max-image-preview:large, max-video-preview:-1\" \/>\n<link rel=\"canonical\" href=\"https:\/\/brasseriehd.com\/fr\/nouvelles-et-evenements\/\" \/>\n<meta property=\"og:locale\" content=\"fr_FR\" \/>\n<meta property=\"og:type\" content=\"article\" \/>\n<meta property=\"og:title\" content=\"Actualit\u00e9s et \u00e9v\u00e9nements - Brasserie HD\" \/>\n<meta property=\"og:description\" content=\"Visitez d\u00e8s maintenant la section Actualit\u00e9s et \u00e9v\u00e9nements de notre site Brasserie HD. Restez au courant des derni\u00e8res nouvelles.\" \/>\n<meta property=\"og:url\" content=\"https:\/\/brasseriehd.com\/fr\/nouvelles-et-evenements\/\" \/>\n<meta property=\"og:site_name\" content=\"HD d&#039;Ivan\" \/>\n<meta property=\"article:publisher\" content=\"https:\/\/www.facebook.com\/brasseriehdbymattia\" \/>\n<meta property=\"article:modified_time\" content=\"2025-02-19T15:04:59+00:00\" \/>\n<meta name=\"twitter:card\" content=\"summary_large_image\" \/>\n<script type=\"application\/ld+json\" class=\"yoast-schema-graph\">{\"@context\":\"https:\\\/\\\/schema.org\",\"@graph\":[{\"@type\":\"WebPage\",\"@id\":\"https:\\\/\\\/brasseriehd.com\\\/fr\\\/nouvelles-et-evenements\\\/\",\"url\":\"https:\\\/\\\/brasseriehd.com\\\/fr\\\/nouvelles-et-evenements\\\/\",\"name\":\"Actualit\u00e9s et \u00e9v\u00e9nements - Brasserie HD\",\"isPartOf\":{\"@id\":\"https:\\\/\\\/brasseriehd.com\\\/#website\"},\"datePublished\":\"2022-09-14T06:32:51+00:00\",\"dateModified\":\"2025-02-19T15:04:59+00:00\",\"description\":\"Visitez d\u00e8s maintenant la section Actualit\u00e9s et \u00e9v\u00e9nements de notre site Brasserie HD. Restez au courant des derni\u00e8res nouvelles.\",\"breadcrumb\":{\"@id\":\"https:\\\/\\\/brasseriehd.com\\\/fr\\\/nouvelles-et-evenements\\\/#breadcrumb\"},\"inLanguage\":\"fr-FR\",\"potentialAction\":[{\"@type\":\"ReadAction\",\"target\":[\"https:\\\/\\\/brasseriehd.com\\\/fr\\\/nouvelles-et-evenements\\\/\"]}]},{\"@type\":\"BreadcrumbList\",\"@id\":\"https:\\\/\\\/brasseriehd.com\\\/fr\\\/nouvelles-et-evenements\\\/#breadcrumb\",\"itemListElement\":[{\"@type\":\"ListItem\",\"position\":1,\"name\":\"Home\",\"item\":\"https:\\\/\\\/brasseriehd.com\\\/\"},{\"@type\":\"ListItem\",\"position\":2,\"name\":\"Nouvelles et Ev\u00e8nements\"}]},{\"@type\":\"WebSite\",\"@id\":\"https:\\\/\\\/brasseriehd.com\\\/#website\",\"url\":\"https:\\\/\\\/brasseriehd.com\\\/\",\"name\":\"HD Brasserie by Mattia\",\"description\":\"Steak House\",\"publisher\":{\"@id\":\"https:\\\/\\\/brasseriehd.com\\\/#organization\"},\"potentialAction\":[{\"@type\":\"SearchAction\",\"target\":{\"@type\":\"EntryPoint\",\"urlTemplate\":\"https:\\\/\\\/brasseriehd.com\\\/?s={search_term_string}\"},\"query-input\":{\"@type\":\"PropertyValueSpecification\",\"valueRequired\":true,\"valueName\":\"search_term_string\"}}],\"inLanguage\":\"fr-FR\"},{\"@type\":\"Organization\",\"@id\":\"https:\\\/\\\/brasseriehd.com\\\/#organization\",\"name\":\"HD Brasserie by Mattia\",\"url\":\"https:\\\/\\\/brasseriehd.com\\\/\",\"logo\":{\"@type\":\"ImageObject\",\"inLanguage\":\"fr-FR\",\"@id\":\"https:\\\/\\\/brasseriehd.com\\\/#\\\/schema\\\/logo\\\/image\\\/\",\"url\":\"https:\\\/\\\/brasseriehd.com\\\/wp-content\\\/uploads\\\/2023\\\/01\\\/MicrosoftTeams-image.png\",\"contentUrl\":\"https:\\\/\\\/brasseriehd.com\\\/wp-content\\\/uploads\\\/2023\\\/01\\\/MicrosoftTeams-image.png\",\"width\":1080,\"height\":951,\"caption\":\"HD Brasserie by Mattia\"},\"image\":{\"@id\":\"https:\\\/\\\/brasseriehd.com\\\/#\\\/schema\\\/logo\\\/image\\\/\"},\"sameAs\":[\"https:\\\/\\\/www.facebook.com\\\/brasseriehdbymattia\"]}]}<\/script>\n<!-- \/ Yoast SEO plugin. -->","yoast_head_json":{"title":"Actualit\u00e9s et \u00e9v\u00e9nements - Brasserie HD","description":"Visitez d\u00e8s maintenant la section Actualit\u00e9s et \u00e9v\u00e9nements de notre site Brasserie HD. Restez au courant des derni\u00e8res nouvelles.","robots":{"index":"index","follow":"follow","max-snippet":"max-snippet:-1","max-image-preview":"max-image-preview:large","max-video-preview":"max-video-preview:-1"},"canonical":"https:\/\/brasseriehd.com\/fr\/nouvelles-et-evenements\/","og_locale":"fr_FR","og_type":"article","og_title":"Actualit\u00e9s et \u00e9v\u00e9nements - Brasserie HD","og_description":"Visitez d\u00e8s maintenant la section Actualit\u00e9s et \u00e9v\u00e9nements de notre site Brasserie HD. Restez au courant des derni\u00e8res nouvelles.","og_url":"https:\/\/brasseriehd.com\/fr\/nouvelles-et-evenements\/","og_site_name":"HD d'Ivan","article_publisher":"https:\/\/www.facebook.com\/brasseriehdbymattia","article_modified_time":"2025-02-19T15:04:59+00:00","twitter_card":"summary_large_image","schema":{"@context":"https:\/\/schema.org","@graph":[{"@type":"WebPage","@id":"https:\/\/brasseriehd.com\/fr\/nouvelles-et-evenements\/","url":"https:\/\/brasseriehd.com\/fr\/nouvelles-et-evenements\/","name":"Actualit\u00e9s et \u00e9v\u00e9nements - Brasserie HD","isPartOf":{"@id":"https:\/\/brasseriehd.com\/#website"},"datePublished":"2022-09-14T06:32:51+00:00","dateModified":"2025-02-19T15:04:59+00:00","description":"Visitez d\u00e8s maintenant la section Actualit\u00e9s et \u00e9v\u00e9nements de notre site Brasserie HD. Restez au courant des derni\u00e8res nouvelles.","breadcrumb":{"@id":"https:\/\/brasseriehd.com\/fr\/nouvelles-et-evenements\/#breadcrumb"},"inLanguage":"fr-FR","potentialAction":[{"@type":"ReadAction","target":["https:\/\/brasseriehd.com\/fr\/nouvelles-et-evenements\/"]}]},{"@type":"BreadcrumbList","@id":"https:\/\/brasseriehd.com\/fr\/nouvelles-et-evenements\/#breadcrumb","itemListElement":[{"@type":"ListItem","position":1,"name":"Home","item":"https:\/\/brasseriehd.com\/"},{"@type":"ListItem","position":2,"name":"Nouvelles et Ev\u00e8nements"}]},{"@type":"WebSite","@id":"https:\/\/brasseriehd.com\/#website","url":"https:\/\/brasseriehd.com\/","name":"HD Brasserie by Mattia","description":"Steak House","publisher":{"@id":"https:\/\/brasseriehd.com\/#organization"},"potentialAction":[{"@type":"SearchAction","target":{"@type":"EntryPoint","urlTemplate":"https:\/\/brasseriehd.com\/?s={search_term_string}"},"query-input":{"@type":"PropertyValueSpecification","valueRequired":true,"valueName":"search_term_string"}}],"inLanguage":"fr-FR"},{"@type":"Organization","@id":"https:\/\/brasseriehd.com\/#organization","name":"HD Brasserie by Mattia","url":"https:\/\/brasseriehd.com\/","logo":{"@type":"ImageObject","inLanguage":"fr-FR","@id":"https:\/\/brasseriehd.com\/#\/schema\/logo\/image\/","url":"https:\/\/brasseriehd.com\/wp-content\/uploads\/2023\/01\/MicrosoftTeams-image.png","contentUrl":"https:\/\/brasseriehd.com\/wp-content\/uploads\/2023\/01\/MicrosoftTeams-image.png","width":1080,"height":951,"caption":"HD Brasserie by Mattia"},"image":{"@id":"https:\/\/brasseriehd.com\/#\/schema\/logo\/image\/"},"sameAs":["https:\/\/www.facebook.com\/brasseriehdbymattia"]}]}},"_links":{"self":[{"href":"https:\/\/brasseriehd.com\/fr\/wp-json\/wp\/v2\/pages\/887","targetHints":{"allow":["GET"]}}],"collection":[{"href":"https:\/\/brasseriehd.com\/fr\/wp-json\/wp\/v2\/pages"}],"about":[{"href":"https:\/\/brasseriehd.com\/fr\/wp-json\/wp\/v2\/types\/page"}],"author":[{"embeddable":true,"href":"https:\/\/brasseriehd.com\/fr\/wp-json\/wp\/v2\/users\/5"}],"replies":[{"embeddable":true,"href":"https:\/\/brasseriehd.com\/fr\/wp-json\/wp\/v2\/comments?post=887"}],"version-history":[{"count":2,"href":"https:\/\/brasseriehd.com\/fr\/wp-json\/wp\/v2\/pages\/887\/revisions"}],"predecessor-version":[{"id":11776,"href":"https:\/\/brasseriehd.com\/fr\/wp-json\/wp\/v2\/pages\/887\/revisions\/11776"}],"wp:attachment":[{"href":"https:\/\/brasseriehd.com\/fr\/wp-json\/wp\/v2\/media?parent=887"}],"curies":[{"name":"wp","href":"https:\/\/api.w.org\/{rel}","templated":true}]}}