{"id":9189,"date":"2025-02-20T17:26:07","date_gmt":"2025-02-20T16:26:07","guid":{"rendered":"https:\/\/brasseriehd.com\/?page_id=9189"},"modified":"2025-02-20T17:26:15","modified_gmt":"2025-02-20T16:26:15","slug":"la-viande-5","status":"publish","type":"page","link":"https:\/\/brasseriehd.com\/fr\/la-viande-5\/","title":{"rendered":"La viande"},"content":{"rendered":"\t\t<div data-elementor-type=\"wp-page\" data-elementor-id=\"9189\" class=\"elementor elementor-9189 elementor-8704\" data-elementor-post-type=\"page\">\n\t\t\t\t\t\t<section class=\"elementor-section elementor-top-section elementor-element elementor-element-3ad602d elementor-section-boxed elementor-section-height-default elementor-section-height-default\" data-id=\"3ad602d\" data-element_type=\"section\" data-e-type=\"section\">\n\t\t\t\t\t\t<div class=\"elementor-container elementor-column-gap-default\">\n\t\t\t\t\t<div class=\"elementor-column elementor-col-100 elementor-top-column elementor-element elementor-element-2608ad8\" data-id=\"2608ad8\" data-element_type=\"column\" data-e-type=\"column\">\n\t\t\t<div class=\"elementor-widget-wrap elementor-element-populated\">\n\t\t\t\t\t\t<div class=\"elementor-element elementor-element-90db23c elementor-widget elementor-widget-spacer\" data-id=\"90db23c\" data-element_type=\"widget\" data-e-type=\"widget\" data-widget_type=\"spacer.default\">\n\t\t\t\t<div class=\"elementor-widget-container\">\n\t\t\t\t\t\t\t<div class=\"elementor-spacer\">\n\t\t\t<div class=\"elementor-spacer-inner\"><\/div>\n\t\t<\/div>\n\t\t\t\t\t\t<\/div>\n\t\t\t\t<\/div>\n\t\t\t\t<div class=\"elementor-element elementor-element-fe1d9d2 elementor-widget elementor-widget-heading\" data-id=\"fe1d9d2\" data-element_type=\"widget\" data-e-type=\"widget\" data-widget_type=\"heading.default\">\n\t\t\t\t<div class=\"elementor-widget-container\">\n\t\t\t\t\t<h2 class=\"elementor-heading-title elementor-size-default\">Nos coupes annuelles<\/h2>\t\t\t\t<\/div>\n\t\t\t\t<\/div>\n\t\t\t\t<div class=\"elementor-element elementor-element-a9505c0 elementor-widget-divider--view-line elementor-widget elementor-widget-divider\" data-id=\"a9505c0\" data-element_type=\"widget\" data-e-type=\"widget\" data-widget_type=\"divider.default\">\n\t\t\t\t<div class=\"elementor-widget-container\">\n\t\t\t\t\t\t\t<div class=\"elementor-divider\">\n\t\t\t<span class=\"elementor-divider-separator\">\n\t\t\t\t\t\t<\/span>\n\t\t<\/div>\n\t\t\t\t\t\t<\/div>\n\t\t\t\t<\/div>\n\t\t\t\t<div class=\"elementor-element elementor-element-5b4ec67 elementor-widget elementor-widget-text-editor\" data-id=\"5b4ec67\" data-element_type=\"widget\" data-e-type=\"widget\" data-widget_type=\"text-editor.default\">\n\t\t\t\t<div class=\"elementor-widget-container\">\n\t\t\t\t\t\t\t\t\t<p>*nous informons aimablement nos clients que la disponibilit\u00e9 de nos fines coupes de viande peut varier.<\/p>\n<p>Pour vous assurer de sa pr\u00e9sence au menu, veuillez consulter le personnel de la salle \u00e0 manger au moment de la r\u00e9servation ou \u00e0 votre arriv\u00e9e au restaurant. Merci pour votre compr\u00e9hension et votre coop\u00e9ration. <\/p>\n\t\t\t\t\t\t\t\t<\/div>\n\t\t\t\t<\/div>\n\t\t\t\t<div class=\"elementor-element elementor-element-ab5ac90 elementor-align-center elementor-widget elementor-widget-button\" data-id=\"ab5ac90\" data-element_type=\"widget\" data-e-type=\"widget\" data-widget_type=\"button.default\">\n\t\t\t\t<div class=\"elementor-widget-container\">\n\t\t\t\t\t\t\t\t\t<div class=\"elementor-button-wrapper\">\n\t\t\t\t\t<a class=\"elementor-button elementor-button-link elementor-size-sm\" href=\"https:\/\/brasseriehd.com\/menu-2\/\">\n\t\t\t\t\t\t<span class=\"elementor-button-content-wrapper\">\n\t\t\t\t\t\t\t\t\t<span class=\"elementor-button-text\">D\u00e9couvrez notre menu<\/span>\n\t\t\t\t\t<\/span>\n\t\t\t\t\t<\/a>\n\t\t\t\t<\/div>\n\t\t\t\t\t\t\t\t<\/div>\n\t\t\t\t<\/div>\n\t\t\t\t<div class=\"elementor-element elementor-element-7955bda elementor-widget elementor-widget-spacer\" data-id=\"7955bda\" data-element_type=\"widget\" data-e-type=\"widget\" data-widget_type=\"spacer.default\">\n\t\t\t\t<div class=\"elementor-widget-container\">\n\t\t\t\t\t\t\t<div class=\"elementor-spacer\">\n\t\t\t<div class=\"elementor-spacer-inner\"><\/div>\n\t\t<\/div>\n\t\t\t\t\t\t<\/div>\n\t\t\t\t<\/div>\n\t\t\t\t<div class=\"elementor-element elementor-element-3629b42 elementor-widget elementor-widget-spacer\" data-id=\"3629b42\" data-element_type=\"widget\" data-e-type=\"widget\" data-widget_type=\"spacer.default\">\n\t\t\t\t<div class=\"elementor-widget-container\">\n\t\t\t\t\t\t\t<div class=\"elementor-spacer\">\n\t\t\t<div class=\"elementor-spacer-inner\"><\/div>\n\t\t<\/div>\n\t\t\t\t\t\t<\/div>\n\t\t\t\t<\/div>\n\t\t\t\t\t<\/div>\n\t\t<\/div>\n\t\t\t\t\t<\/div>\n\t\t<\/section>\n\t\t\t\t<\/div>\n\t\t","protected":false},"excerpt":{"rendered":"<p>Nos coupes annuelles *nous informons aimablement nos clients que la disponibilit\u00e9 de nos fines coupes de viande peut varier. Pour vous assurer de sa pr\u00e9sence au menu, veuillez consulter le personnel de la salle \u00e0 manger au moment de la r\u00e9servation ou \u00e0 votre arriv\u00e9e au restaurant. Merci pour votre compr\u00e9hension et votre coop\u00e9ration. D\u00e9couvrez [&hellip;]<\/p>\n","protected":false},"author":6,"featured_media":0,"parent":0,"menu_order":0,"comment_status":"closed","ping_status":"closed","template":"","meta":{"footnotes":""},"class_list":["post-9189","page","type-page","status-publish","hentry"],"yoast_head":"<!-- This site is optimized with the Yoast SEO plugin v26.6 - https:\/\/yoast.com\/wordpress\/plugins\/seo\/ -->\n<title>La Viande - Brasserie HD<\/title>\n<meta name=\"description\" content=\"Brasserie HD - pi\u00e8ces s\u00e9lectionn\u00e9es, cuissons parfaites et saveurs authentiques. D\u00e9couvrez le meilleur de la viande dans une ambiance chaleureuse.\" \/>\n<meta name=\"robots\" content=\"index, follow, max-snippet:-1, max-image-preview:large, max-video-preview:-1\" \/>\n<link rel=\"canonical\" href=\"https:\/\/brasseriehd.com\/fr\/la-viande-5\/\" \/>\n<meta property=\"og:locale\" content=\"fr_FR\" \/>\n<meta property=\"og:type\" content=\"article\" \/>\n<meta property=\"og:title\" content=\"La Viande - Brasserie HD\" \/>\n<meta property=\"og:description\" content=\"Brasserie HD - pi\u00e8ces s\u00e9lectionn\u00e9es, cuissons parfaites et saveurs authentiques. D\u00e9couvrez le meilleur de la viande dans une ambiance chaleureuse.\" \/>\n<meta property=\"og:url\" content=\"https:\/\/brasseriehd.com\/fr\/la-viande-5\/\" \/>\n<meta property=\"og:site_name\" content=\"HD d&#039;Ivan\" \/>\n<meta property=\"article:publisher\" content=\"https:\/\/www.facebook.com\/brasseriehdbymattia\" \/>\n<meta property=\"article:modified_time\" content=\"2025-02-20T16:26:15+00:00\" \/>\n<meta name=\"twitter:card\" content=\"summary_large_image\" \/>\n<script type=\"application\/ld+json\" class=\"yoast-schema-graph\">{\"@context\":\"https:\/\/schema.org\",\"@graph\":[{\"@type\":\"WebPage\",\"@id\":\"https:\/\/brasseriehd.com\/fr\/la-viande-5\/\",\"url\":\"https:\/\/brasseriehd.com\/fr\/la-viande-5\/\",\"name\":\"La Viande - Brasserie HD\",\"isPartOf\":{\"@id\":\"https:\/\/brasseriehd.com\/#website\"},\"datePublished\":\"2025-02-20T16:26:07+00:00\",\"dateModified\":\"2025-02-20T16:26:15+00:00\",\"description\":\"Brasserie HD - pi\u00e8ces s\u00e9lectionn\u00e9es, cuissons parfaites et saveurs authentiques. D\u00e9couvrez le meilleur de la viande dans une ambiance chaleureuse.\",\"breadcrumb\":{\"@id\":\"https:\/\/brasseriehd.com\/fr\/la-viande-5\/#breadcrumb\"},\"inLanguage\":\"fr-FR\",\"potentialAction\":[{\"@type\":\"ReadAction\",\"target\":[\"https:\/\/brasseriehd.com\/fr\/la-viande-5\/\"]}]},{\"@type\":\"BreadcrumbList\",\"@id\":\"https:\/\/brasseriehd.com\/fr\/la-viande-5\/#breadcrumb\",\"itemListElement\":[{\"@type\":\"ListItem\",\"position\":1,\"name\":\"Home\",\"item\":\"https:\/\/brasseriehd.com\/\"},{\"@type\":\"ListItem\",\"position\":2,\"name\":\"La viande\"}]},{\"@type\":\"WebSite\",\"@id\":\"https:\/\/brasseriehd.com\/#website\",\"url\":\"https:\/\/brasseriehd.com\/\",\"name\":\"HD Brasserie by Mattia\",\"description\":\"Steak House\",\"publisher\":{\"@id\":\"https:\/\/brasseriehd.com\/#organization\"},\"potentialAction\":[{\"@type\":\"SearchAction\",\"target\":{\"@type\":\"EntryPoint\",\"urlTemplate\":\"https:\/\/brasseriehd.com\/?s={search_term_string}\"},\"query-input\":{\"@type\":\"PropertyValueSpecification\",\"valueRequired\":true,\"valueName\":\"search_term_string\"}}],\"inLanguage\":\"fr-FR\"},{\"@type\":\"Organization\",\"@id\":\"https:\/\/brasseriehd.com\/#organization\",\"name\":\"HD Brasserie by Mattia\",\"url\":\"https:\/\/brasseriehd.com\/\",\"logo\":{\"@type\":\"ImageObject\",\"inLanguage\":\"fr-FR\",\"@id\":\"https:\/\/brasseriehd.com\/#\/schema\/logo\/image\/\",\"url\":\"https:\/\/brasseriehd.com\/wp-content\/uploads\/2023\/01\/MicrosoftTeams-image.png\",\"contentUrl\":\"https:\/\/brasseriehd.com\/wp-content\/uploads\/2023\/01\/MicrosoftTeams-image.png\",\"width\":1080,\"height\":951,\"caption\":\"HD Brasserie by Mattia\"},\"image\":{\"@id\":\"https:\/\/brasseriehd.com\/#\/schema\/logo\/image\/\"},\"sameAs\":[\"https:\/\/www.facebook.com\/brasseriehdbymattia\"]}]}<\/script>\n<!-- \/ Yoast SEO plugin. -->","yoast_head_json":{"title":"La Viande - Brasserie HD","description":"Brasserie HD - pi\u00e8ces s\u00e9lectionn\u00e9es, cuissons parfaites et saveurs authentiques. D\u00e9couvrez le meilleur de la viande dans une ambiance chaleureuse.","robots":{"index":"index","follow":"follow","max-snippet":"max-snippet:-1","max-image-preview":"max-image-preview:large","max-video-preview":"max-video-preview:-1"},"canonical":"https:\/\/brasseriehd.com\/fr\/la-viande-5\/","og_locale":"fr_FR","og_type":"article","og_title":"La Viande - Brasserie HD","og_description":"Brasserie HD - pi\u00e8ces s\u00e9lectionn\u00e9es, cuissons parfaites et saveurs authentiques. D\u00e9couvrez le meilleur de la viande dans une ambiance chaleureuse.","og_url":"https:\/\/brasseriehd.com\/fr\/la-viande-5\/","og_site_name":"HD d'Ivan","article_publisher":"https:\/\/www.facebook.com\/brasseriehdbymattia","article_modified_time":"2025-02-20T16:26:15+00:00","twitter_card":"summary_large_image","schema":{"@context":"https:\/\/schema.org","@graph":[{"@type":"WebPage","@id":"https:\/\/brasseriehd.com\/fr\/la-viande-5\/","url":"https:\/\/brasseriehd.com\/fr\/la-viande-5\/","name":"La Viande - Brasserie HD","isPartOf":{"@id":"https:\/\/brasseriehd.com\/#website"},"datePublished":"2025-02-20T16:26:07+00:00","dateModified":"2025-02-20T16:26:15+00:00","description":"Brasserie HD - pi\u00e8ces s\u00e9lectionn\u00e9es, cuissons parfaites et saveurs authentiques. D\u00e9couvrez le meilleur de la viande dans une ambiance chaleureuse.","breadcrumb":{"@id":"https:\/\/brasseriehd.com\/fr\/la-viande-5\/#breadcrumb"},"inLanguage":"fr-FR","potentialAction":[{"@type":"ReadAction","target":["https:\/\/brasseriehd.com\/fr\/la-viande-5\/"]}]},{"@type":"BreadcrumbList","@id":"https:\/\/brasseriehd.com\/fr\/la-viande-5\/#breadcrumb","itemListElement":[{"@type":"ListItem","position":1,"name":"Home","item":"https:\/\/brasseriehd.com\/"},{"@type":"ListItem","position":2,"name":"La viande"}]},{"@type":"WebSite","@id":"https:\/\/brasseriehd.com\/#website","url":"https:\/\/brasseriehd.com\/","name":"HD Brasserie by Mattia","description":"Steak House","publisher":{"@id":"https:\/\/brasseriehd.com\/#organization"},"potentialAction":[{"@type":"SearchAction","target":{"@type":"EntryPoint","urlTemplate":"https:\/\/brasseriehd.com\/?s={search_term_string}"},"query-input":{"@type":"PropertyValueSpecification","valueRequired":true,"valueName":"search_term_string"}}],"inLanguage":"fr-FR"},{"@type":"Organization","@id":"https:\/\/brasseriehd.com\/#organization","name":"HD Brasserie by Mattia","url":"https:\/\/brasseriehd.com\/","logo":{"@type":"ImageObject","inLanguage":"fr-FR","@id":"https:\/\/brasseriehd.com\/#\/schema\/logo\/image\/","url":"https:\/\/brasseriehd.com\/wp-content\/uploads\/2023\/01\/MicrosoftTeams-image.png","contentUrl":"https:\/\/brasseriehd.com\/wp-content\/uploads\/2023\/01\/MicrosoftTeams-image.png","width":1080,"height":951,"caption":"HD Brasserie by Mattia"},"image":{"@id":"https:\/\/brasseriehd.com\/#\/schema\/logo\/image\/"},"sameAs":["https:\/\/www.facebook.com\/brasseriehdbymattia"]}]}},"_links":{"self":[{"href":"https:\/\/brasseriehd.com\/fr\/wp-json\/wp\/v2\/pages\/9189","targetHints":{"allow":["GET"]}}],"collection":[{"href":"https:\/\/brasseriehd.com\/fr\/wp-json\/wp\/v2\/pages"}],"about":[{"href":"https:\/\/brasseriehd.com\/fr\/wp-json\/wp\/v2\/types\/page"}],"author":[{"embeddable":true,"href":"https:\/\/brasseriehd.com\/fr\/wp-json\/wp\/v2\/users\/6"}],"replies":[{"embeddable":true,"href":"https:\/\/brasseriehd.com\/fr\/wp-json\/wp\/v2\/comments?post=9189"}],"version-history":[{"count":3,"href":"https:\/\/brasseriehd.com\/fr\/wp-json\/wp\/v2\/pages\/9189\/revisions"}],"predecessor-version":[{"id":11793,"href":"https:\/\/brasseriehd.com\/fr\/wp-json\/wp\/v2\/pages\/9189\/revisions\/11793"}],"wp:attachment":[{"href":"https:\/\/brasseriehd.com\/fr\/wp-json\/wp\/v2\/media?parent=9189"}],"curies":[{"name":"wp","href":"https:\/\/api.w.org\/{rel}","templated":true}]}}